{"id":2,"date":"2008-08-19T15:02:46","date_gmt":"2008-08-19T08:02:46","guid":{"rendered":"http:\/\/romanticentrepreneur.net\/?page_id=2"},"modified":"2020-12-07T16:28:42","modified_gmt":"2020-12-07T15:28:42","slug":"about","status":"publish","type":"page","link":"http:\/\/romanticentrepreneur.net\/index.php\/about\/","title":{"rendered":"\u00dcber diesen Blog \/ About \/ A propos"},"content":{"rendered":"<p>(Englisch below)<\/p>\n<p><!--:de-->Dieser Blog dient als eine Art \u00f6ffentliches Notizbuch f\u00fcr Ideen, \u00dcberlegungen und Diskussionen rund um das soziologische Forschungsprojekt <em>&#8222;Online Dating. Mediale Kommunikation zwischen romantischer Liebe und \u00f6konomischer Rationalisierung&#8220;<\/em>.<\/p>\n<p>Das Projekt ist eine Kooperation zwischen der <a href=\"http:\/\/www.unil.ch\/\">Universit\u00e4t Lausanne<\/a>, Schweiz und dem <a href=\"http:\/\/www.ifs.uni-frankfurt.de\">Institut f\u00fcr Sozialforschung<\/a>, Frankfurt\/M., Deutschland. Es wird durch den <a href=\"http:\/\/www.snf.ch\">Schweizerischen Nationalfonds<\/a> gef\u00f6rdert.<\/p>\n<p><a href=\"http:\/\/romanticentrepreneur.net\/index.php\/about\/project\/?lang=de\">Weitere Informationen zum Projekt<\/a><\/p>\n<h4>Impressum<\/h4>\n<p>Dieser Blog ist ein nicht-kommerzielles Angebot von<br \/>\nKai Dr\u00f6ge und Olivier Voirol<br \/>\nFacult\u00e9 des sciences sociales et politiques<br \/>\nInstitut de sociologie des communications de masse (ISCM)<br \/>\nQuartier UNIL-Dorigny<br \/>\nB\u00e2timent Anthropole 3119<br \/>\nCH &#8211; 1015 Lausanne<\/p>\n<p>Kontakt: mail [\u00e4t] romanticentrepreneur.net<\/p>\n<p><!--:--><!--:en-->This blog is a kind of public notebook for thoughts, ideas and discussions around the research project <em>&#8222;Online Dating &#8211; Mediated Communication between Romantic Love and Economic Rationalization&#8220;.<\/em><br \/>\nThe project is a cooperation between the <a href=\"http:\/\/www.unil.ch\/\">University of Lausanne<\/a>, Switzerland and the <a href=\"http:\/\/www.ifs.uni-frankfurt.de\">Institute for Social Research<\/a>, Frankfurt\/M., Germany, and is funded by the <a href=\"http:\/\/www.snf.ch\">Swiss National Science Foundation (SNSF)<\/a>.<\/p>\n<p><a href=\"http:\/\/romanticentrepreneur.net\/index.php\/about\/project\/?lang=en\" target=\"_self\">More information<\/a><!--:--><!--:fr-->(Version fran\u00e7aise sous peu)<\/p>\n<p>This blog is a kind of public notebook for thoughts, ideas and discussions around the research project <em>&#8222;Online Dating &#8211; Mediated Communication between Romantic Love and Economic Rationalization&#8220;.<\/em><\/p>\n<p>The project is a cooperation between the <a href=\"http:\/\/www.unil.ch\/\">University of Lausanne<\/a>, Switzerland and the <a href=\"http:\/\/www.ifs.uni-frankfurt.de\">Institute for Social Research<\/a>, Frankfurt\/M., Germany, and is funded by the <a href=\"http:\/\/www.snf.ch\">Swiss National Science Foundation (SNSF)<\/a>.<\/p>\n<p><a href=\"http:\/\/romanticentrepreneur.net\/index.php\/about\/project\/?lang=fr\">Informations en fran\u00e7ais<\/a><!--:--><\/p>\n","protected":false},"excerpt":{"rendered":"<p>(Englisch below) Dieser Blog dient als eine Art \u00f6ffentliches Notizbuch f\u00fcr Ideen, \u00dcberlegungen und Diskussionen rund um das soziologische Forschungsprojekt &#8222;Online Dating. Mediale Kommunikation zwischen romantischer Liebe und \u00f6konomischer Rationalisierung&#8220;. Das Projekt ist eine Kooperation zwischen der Universit\u00e4t Lausanne, Schweiz und dem Institut f\u00fcr Sozialforschung, Frankfurt\/M., Deutschland. Es wird durch den Schweizerischen Nationalfonds gef\u00f6rdert. Weitere [&hellip;]<\/p>\n","protected":false},"author":1,"featured_media":0,"parent":0,"menu_order":0,"comment_status":"open","ping_status":"open","template":"","meta":[],"_links":{"self":[{"href":"http:\/\/romanticentrepreneur.net\/index.php\/wp-json\/wp\/v2\/pages\/2"}],"collection":[{"href":"http:\/\/romanticentrepreneur.net\/index.php\/wp-json\/wp\/v2\/pages"}],"about":[{"href":"http:\/\/romanticentrepreneur.net\/index.php\/wp-json\/wp\/v2\/types\/page"}],"author":[{"embeddable":true,"href":"http:\/\/romanticentrepreneur.net\/index.php\/wp-json\/wp\/v2\/users\/1"}],"replies":[{"embeddable":true,"href":"http:\/\/romanticentrepreneur.net\/index.php\/wp-json\/wp\/v2\/comments?post=2"}],"version-history":[{"count":14,"href":"http:\/\/romanticentrepreneur.net\/index.php\/wp-json\/wp\/v2\/pages\/2\/revisions"}],"predecessor-version":[{"id":493,"href":"http:\/\/romanticentrepreneur.net\/index.php\/wp-json\/wp\/v2\/pages\/2\/revisions\/493"}],"wp:attachment":[{"href":"http:\/\/romanticentrepreneur.net\/index.php\/wp-json\/wp\/v2\/media?parent=2"}],"curies":[{"name":"wp","href":"https:\/\/api.w.org\/{rel}","templated":true}]}}