{"id":39,"date":"2009-01-20T20:29:59","date_gmt":"2009-01-20T19:29:59","guid":{"rendered":"http:\/\/romanticentrepreneur.net\/?page_id=39"},"modified":"2022-03-30T19:05:52","modified_gmt":"2022-03-30T18:05:52","slug":"project","status":"publish","type":"page","link":"http:\/\/romanticentrepreneur.net\/index.php\/about\/project\/","title":{"rendered":"Das Projekt \/ the project \/ le projet"},"content":{"rendered":"<p>(English below \/ Fran\u00e7ais en bas)<\/p>\n<h3>Online Dating. Mediale Kommunikation zwischen romantischer Liebe und \u00f6konomischer Rationalisierung<\/h3>\n<p><!--:de-->Projekt finanziert durch den <a href=\"http:\/\/www.snf.ch\">Schweizerischen Nationalfonds (SNF)<\/a><br \/>\nKai Dr\u00f6ge, Soziologe und Forscher; Olivier Voirol, ma\u00eetre assistant UNIL (Antragsteller)<\/p>\n<p>Online Dating ist f\u00fcr viele gesellschaftliche Gruppen inzwischen zu einer allt\u00e4glichen Form der Partnersuche geworden. Im Ergebnis ist sowohl das \u00f6ffentliche als auch das wissenschaftliche Interesse an diesem Ph\u00e4nomen in den letzten Jahren stark angewachsen.<br \/>\nDie bisherige Forschung zum Thema l\u00e4sst sich grob in zwei Kategorien einteilen: Zum ersten untersuchen eine ganze Reihe von Studien die spezifischen Formen von Intimit\u00e4t, Emotionalit\u00e4t und wechselseitiger Selbstoffenbarung, die im Rahmen von Online-Kontakten entstehen. In diesen Studien erscheint das Internet oft als ein bevorzugter Ort romantischer Interaktionen, ja, zum Teil gar als eine Art \u2018neoromantisches Medium\u2019, das bestimmte klassische Tugenden dieses kulturellen Liebesideals wiederzubeleben verspricht, die in der Welt au\u00dferhalb des Netzes l\u00e4ngst verloren zu sein scheinen. Eine zweite Forschungsrichtung analysiert das Internet prim\u00e4r als ein neues Hilfsmittel zur Verbesserung der Effizienz und Rationalit\u00e4t in der Partnersuche. Hier sind Theorien der rationale Wahl und die klassischen \u00f6konomischen Modelle des \u2018Heiratsmarktes\u2019 besonders verbreitet.<br \/>\nInsgesamt ist allerdings weitgehend ungekl\u00e4rt, wie diese gegens\u00e4tzlichen Logiken \u2013 das Ideal der romantischen Liebe auf der einen Seite und die Prinzipien von Effizienz und \u00f6konomischer Rationalit\u00e4t auf der anderen \u2013 in der Praxis des Online-Dating eigentlich miteinander verkn\u00fcpft sind und wie die Beteiligten die Widerspr\u00fcche und Ambivalenzen bew\u00e4ltigen, die daraus resultieren k\u00f6nnen. Indem das Projekt genau diese Fragen empirisch untersucht, leistet es einen innovativen Beitrag zu der internationalen Debatte \u00fcber Online-Dating sowie \u00fcber den sozialen Wandel der Beziehungsmuster insgesamt.<br \/>\nEine Ursache f\u00fcr das oben umrissene Forschungsdefizit liegt darin begr\u00fcndet, dass die meisten bisherigen Analysen sich entweder auf die statistische Analyse von Interaktionsmustern im Internet oder auf die standardisierte Erhebung von Einstellungen zum Online-Dating beschr\u00e4nkt haben. Daher wissen wir wenig \u00fcber die konkreten Erfahrungen und Praktiken der Partnersuche im Netz und \u00fcber deren Einbettung in den allt\u00e4glichen Lebenszusammenhang der Beteiligten. Das vorliegende Projekt hingegen verwendet qualitative Forschungsmethoden, die genau auf diese Aspekte fokussieren. Damit erst lassen sich jene praktischen Problem und Widerspr\u00fcche aufdecken, die aus den verschiedenen oben genannten Handlungslogiken resultieren. Au\u00dferdem macht eine solche Herangehensweise die Untersuchung auch f\u00fcr die Mediensoziologie insgesamt interessant, weil damit die spezifischen Schwierigkeiten im \u00dcbergang zwischen On- und Offline-Welt genauer in den Blick genommen werden k\u00f6nnen. Schlie\u00dflich kann die Forschung auch als ein interessanter Beitrag zu der aktuellen Debatte um die \u00d6konomisierung oder Vermarktlichung pers\u00f6nlicher Beziehungen gesehen werden \u2013 eine \u00f6ffentliche sowie wissenschaftliche Diskussion, die auf einer generelleren Ebene den Wandel im Verh\u00e4ltnis von Liebe und Kapitalismus, Intimit\u00e4t und strategischem Handeln sowie Emotionen und \u00f6konomischer Rationalit\u00e4t in unserer Gesellschaft kritisch analysiert.<\/p>\n<h3>Online Dating. Mediated Communication between Romantic Love and Economic Rationalization<\/h3>\n<p><!--:--><!--:en-->Project funded by the <a href=\"http:\/\/www.snf.ch\/\">Swiss National Science Foundation (SNSF)<\/a><br \/>\nKai Dr\u00f6ge, sociologist and researcher; Olivier Voirol, ma\u00eetre assistant UNIL (applicant)<\/p>\n<p>For many groups in society, online dating has become part of their everyday repertoire of partner seeking strategies. As a result, the public as well as the scientific interest in this phenomenon has grown significantly.<br \/>\nGenerally speaking, the present research on this topic can be divided into two broad categories: At first, studies analyze the specific forms of intimacy, mutual self-disclosure and emotionality that emerge online. Here, the internet appears as a convenient place for romantic interactions, even as a kind of \u2018neoromantic media\u2019 that reanimates certain classic virtues from the cultural ideal of love that might have been lost in the world outside the net. A second body of work analyzes online dating primarily as a new tool to enhance the efficiency and rationality in the process of couple formation. In this kind of research, rational choice theory and the classic concepts from the economics of the marriage market are especially prominent.<br \/>\nBut, however, it is widely unclear how these different competing logics \u2013 the ideal of romantic love on the one hand, the principals of efficiency and economic rationality on the other \u2013 are actually interwoven in the practice of online dating and how people deal with the contradictions and ambivalences that may appear as a result. In addressing these topics, the project aims at making an innovative contribution to the international discussion about new forms of dating on the internet and the change of the social patterns of couple formation in general.<br \/>\nOne reason for the research deficit described above is the fact that most present research relies on either the statistical analysis of online interactions or on standardized opinion surveys addressing general attitudes towards online dating. As a result, we have little information about the actual experiences and practices in online dating and how they are embedded in everyday life. Hence, our research uses qualitative methods focused exactly on these aspects. This helps, at first, to trace practical problems and contractions that appear as a result of the competing logics outlined above. Secondly, this makes the research interesting for the sociology of mediated communication in general because it sheds light on the challenges of the transition between on- and offline world. Finally, the analysis can also be seen as an interesting contribution to the current debate on the \u2018marketization\u2019 or \u2018economization\u2019 of interpersonal relationships \u2013 a public as well as scientific debate that addresses the relations between love and the market, intimacy and strategic action, emotions and economic rationality in our society on a more general level.<\/p>\n<h3>Online Dating. La communication m\u00e9diatis\u00e9e entre amour romantique et rationalisation \u00e9conomique<\/h3>\n<p><!--:--><!--:fr-->Projet financ\u00e9 par le <a href=\"http:\/\/www.snf.ch\/\" target=\"_blank\" rel=\"noopener\">Fonds National Suisse de la Recherche Scientifique<\/a> (2008-2011)<br \/>\nKai Dr\u00f6ge, chercheur FNS, Olivier Voirol, ma\u00eetre assistant UNIL (requ\u00e9rant)<\/p>\n<p>La rencontre en ligne (online dating) est devenue pour de nombreux groupes sociaux partie prenante des r\u00e9pertoires ordinaires de leurs modalit\u00e9s de recherche de partenaires. Par cons\u00e9quent, cette question a \u00e9veill\u00e9 un int\u00e9r\u00eat croissant, autant du c\u00f4t\u00e9 du public que de celui du monde scientifique.<br \/>\nDe mani\u00e8re g\u00e9n\u00e9rale, la pr\u00e9sente recherche sur ce sujet peut-\u00eatre divis\u00e9e en deux grandes cat\u00e9gories. D\u2019une part, elle analyse les formes sp\u00e9cifiques de l\u2019intimit\u00e9, de l\u2019exposition de soi et des \u00e9motions qui \u00e9mergent en ligne. L\u2019internet appara\u00eet ici comme un espace d\u2019interactions \u00ab romantiques \u00bb, y compris comme une sorte de \u00ab m\u00e9dia n\u00e9oromantique \u00bb qui r\u00e9anime certaines vertus classiques de l\u2019id\u00e9al culturel de l\u2019amour dont on a pu dire qu\u2019il s\u2019est dissip\u00e9 dans le monde des relations ordinaires. D\u2019autre part, la recherche revient sur le corpus de travaux qui analysent la rencontre en ligne avant tout comme un nouveau moyen d\u2019augmenter l\u2019efficience et la rationalit\u00e9 de la formation du couple \u2013 travaux dans lesquels la th\u00e9orie du choix rationnel et les concepts classiques issus de l\u2019approche \u00e9conomique du march\u00e9 marital sont particuli\u00e8rement dominants.<br \/>\nCependant, on voit mal comment ces logiques antagonistes \u2013 l\u2019id\u00e9al de l\u2019amour romantique, d\u2019une part, et les principes de la performance et de la rationalit\u00e9 \u00e9conomique, d\u2019autre part \u2013 sont li\u00e9es dans les pratiques de la rencontre en ligne et comment les sujets g\u00e8rent les contradictions et les ambivalences qui peuvent appara\u00eetre. En abordant ces questions, ce projet vise \u00e0 apporter une contribution nouvelle au d\u00e9bat sur les nouvelles formes de rencontre sur internet et les changements concomitants des mod\u00e8les de formation de couple.<br \/>\nUne des raisons du d\u00e9ficit, dans les recherches que nous avons \u00e9voqu\u00e9es ci-dessus, tient au fait que la plupart des recherches actuelles se fient, soit \u00e0 une analyse statistique des interactions en ligne, soit \u00e0 des enqu\u00eates d\u2019opinion standardis\u00e9es portant sur des attitudes g\u00e9n\u00e9rales \u00e0 l\u2019\u00e9gard de la rencontre en ligne. En cons\u00e9quence, nous ne savons pas grand-chose sur l\u2019exp\u00e9rience et les pratiques de la rencontre en ligne ainsi que sur la mani\u00e8re dont elles s\u2019imbriquent dans la vie quotidienne.<br \/>\nLa pr\u00e9sente recherche recourt \u00e0 des m\u00e9thodes qualitatives se focalisant pr\u00e9cis\u00e9ment sur ces aspects. Tout d\u2019abord, cela permet de pointer les probl\u00e8mes pratiques et les contradictions qui apparaissent comme la r\u00e9sultante des logiques antagonistes esquiss\u00e9es ci-dessus. Ensuite, du point de vue plus g\u00e9n\u00e9ral d\u2019une sociologie de la communication m\u00e9diatis\u00e9e, cela permet de faire le jour sur les d\u00e9fis de la transition entre le monde en ligne et le monde ordinaire. Enfin, cette recherche peut \u00eatre vue comme un apport int\u00e9ressant au d\u00e9bat actuel sur la \u00ab marchandisation \u00bb des relations interpersonnelles dans notre soci\u00e9t\u00e9 \u2013 un d\u00e9bat public et scientifique qui porte, \u00e0 un niveau plus g\u00e9n\u00e9ral, sur les relations entre l\u2019amour et le march\u00e9, l\u2019intimit\u00e9 et l\u2019action strat\u00e9gique, les \u00e9motions et la rationalit\u00e9 \u00e9conomique.<!--:--><\/p>\n","protected":false},"excerpt":{"rendered":"<p>(English below \/ Fran\u00e7ais en bas) Online Dating. Mediale Kommunikation zwischen romantischer Liebe und \u00f6konomischer Rationalisierung Projekt finanziert durch den Schweizerischen Nationalfonds (SNF) Kai Dr\u00f6ge, Soziologe und Forscher; Olivier Voirol, ma\u00eetre assistant UNIL (Antragsteller) Online Dating ist f\u00fcr viele gesellschaftliche Gruppen inzwischen zu einer allt\u00e4glichen Form der Partnersuche geworden. Im Ergebnis ist sowohl das \u00f6ffentliche [&hellip;]<\/p>\n","protected":false},"author":3,"featured_media":0,"parent":2,"menu_order":0,"comment_status":"closed","ping_status":"open","template":"","meta":[],"_links":{"self":[{"href":"http:\/\/romanticentrepreneur.net\/index.php\/wp-json\/wp\/v2\/pages\/39"}],"collection":[{"href":"http:\/\/romanticentrepreneur.net\/index.php\/wp-json\/wp\/v2\/pages"}],"about":[{"href":"http:\/\/romanticentrepreneur.net\/index.php\/wp-json\/wp\/v2\/types\/page"}],"author":[{"embeddable":true,"href":"http:\/\/romanticentrepreneur.net\/index.php\/wp-json\/wp\/v2\/users\/3"}],"replies":[{"embeddable":true,"href":"http:\/\/romanticentrepreneur.net\/index.php\/wp-json\/wp\/v2\/comments?post=39"}],"version-history":[{"count":8,"href":"http:\/\/romanticentrepreneur.net\/index.php\/wp-json\/wp\/v2\/pages\/39\/revisions"}],"predecessor-version":[{"id":571,"href":"http:\/\/romanticentrepreneur.net\/index.php\/wp-json\/wp\/v2\/pages\/39\/revisions\/571"}],"up":[{"embeddable":true,"href":"http:\/\/romanticentrepreneur.net\/index.php\/wp-json\/wp\/v2\/pages\/2"}],"wp:attachment":[{"href":"http:\/\/romanticentrepreneur.net\/index.php\/wp-json\/wp\/v2\/media?parent=39"}],"curies":[{"name":"wp","href":"https:\/\/api.w.org\/{rel}","templated":true}]}}